{"id":447,"date":"2024-05-15T15:29:32","date_gmt":"2024-05-15T13:29:32","guid":{"rendered":"https:\/\/alzines.dms3labs.cat\/inicio\/"},"modified":"2025-02-11T14:52:33","modified_gmt":"2025-02-11T13:52:33","slug":"inicio","status":"publish","type":"page","link":"https:\/\/www.somalzines.com\/es\/","title":{"rendered":"Inicio"},"content":{"rendered":"<p>[et_pb_section fb_built=\u00bb1&#8243; _builder_version=\u00bb4.25.1&#8243; _module_preset=\u00bbdefault\u00bb background_enable_color=\u00bboff\u00bb use_background_color_gradient=\u00bbon\u00bb background_color_gradient_stops=\u00bbrgba(0,0,0,0) 0%|rgba(0,0,0,0.1) 77%|rgba(0,0,0,0.58) 97%\u00bb background_image=\u00bbhttps:\/\/www.somalzines.com\/wp-content\/uploads\/2024\/06\/Som-Alzines-Portada.jpg\u00bb background_blend=\u00bbmultiply\u00bb min_height=\u00bb90vh\u00bb hover_enabled=\u00bb0&#8243; global_colors_info=\u00bb{}\u00bb title_text=\u00bbSom-Alzines-Portada\u00bb sticky_enabled=\u00bb0&#8243;][et_pb_row _builder_version=\u00bb4.25.1&#8243; _module_preset=\u00bbdefault\u00bb positioning=\u00bbabsolute\u00bb position_origin_a=\u00bbbottom_center\u00bb position_origin_a_tablet=\u00bbbottom_center\u00bb position_origin_a_phone=\u00bbbottom_center\u00bb position_origin_a_last_edited=\u00bbon|desktop\u00bb position_origin_f_tablet=\u00bb\u00bb position_origin_f_phone=\u00bb\u00bb position_origin_f_last_edited=\u00bbon|desktop\u00bb position_origin_r_tablet=\u00bb\u00bb position_origin_r_phone=\u00bb\u00bb position_origin_r_last_edited=\u00bbon|desktop\u00bb custom_padding=\u00bb||90px||false|false\u00bb positioning_tablet=\u00bbabsolute\u00bb positioning_phone=\u00bbabsolute\u00bb positioning_last_edited=\u00bbon|desktop\u00bb global_colors_info=\u00bb{}\u00bb][et_pb_column type=\u00bb4_4&#8243; _builder_version=\u00bb4.25.1&#8243; _module_preset=\u00bbdefault\u00bb global_colors_info=\u00bb{}\u00bb][et_pb_text _builder_version=\u00bb4.25.1&#8243; _module_preset=\u00bbdefault\u00bb header_font=\u00bb|300|||||||\u00bb header_font_size=\u00bb24px\u00bb header_2_font=\u00bbUbuntu||||||||\u00bb header_2_font_size=\u00bb56px\u00bb text_orientation=\u00bbcenter\u00bb background_layout=\u00bbdark\u00bb custom_padding=\u00bb||||false|false\u00bb animation_style=\u00bbfade\u00bb animation_delay=\u00bb250ms\u00bb header_font_size_tablet=\u00bb24px\u00bb header_font_size_phone=\u00bb18px\u00bb header_font_size_last_edited=\u00bbon|phone\u00bb header_2_font_size_tablet=\u00bb56px\u00bb header_2_font_size_phone=\u00bb32px\u00bb header_2_font_size_last_edited=\u00bbon|phone\u00bb global_colors_info=\u00bb{}\u00bb]<\/p>\n<h1>SOM<strong>ALZINES<\/strong><\/h1>\n<h2 class=\"family-ubuntu\">Conecta con la natura y la vida<\/h2>\n<p>[\/et_pb_text][et_pb_icon font_icon=\u00bb&#x33;||divi||400&#8243; icon_color=\u00bb#FFFFFF\u00bb icon_width=\u00bb90px\u00bb url=\u00bb#serveis-home\u00bb _builder_version=\u00bb4.25.1&#8243; _module_preset=\u00bbdefault\u00bb animation_style=\u00bbfade\u00bb animation_delay=\u00bb400ms\u00bb global_colors_info=\u00bb{}\u00bb][\/et_pb_icon][\/et_pb_column][\/et_pb_row][\/et_pb_section][et_pb_section fb_built=\u00bb1&#8243; module_id=\u00bbserveis-home\u00bb _builder_version=\u00bb4.25.1&#8243; _module_preset=\u00bbdefault\u00bb background_image=\u00bbhttps:\/\/www.somalzines.com\/wp-content\/uploads\/2024\/05\/somalzines-fulla-1.jpg\u00bb background_size=\u00bbinitial\u00bb global_colors_info=\u00bb{}\u00bb][et_pb_row _builder_version=\u00bb4.25.1&#8243; _module_preset=\u00bbdefault\u00bb global_colors_info=\u00bb{}\u00bb][et_pb_column type=\u00bb4_4&#8243; _builder_version=\u00bb4.25.1&#8243; _module_preset=\u00bbdefault\u00bb global_colors_info=\u00bb{}\u00bb][et_pb_text _builder_version=\u00bb4.25.1&#8243; _module_preset=\u00bbadfda81d-665c-43b1-9b36-4e03f261ac04&#8243; animation_style=\u00bbfade\u00bb text_font_size_tablet=\u00bb\u00bb text_font_size_phone=\u00bb14px\u00bb text_font_size_last_edited=\u00bbon|phone\u00bb global_colors_info=\u00bb{}\u00bb]<\/p>\n<p>Somalzines es m\u00e1s que un sitio, es aquel espacio de transformaci\u00f3n y conexi\u00f3n con la natura y con uno mismo. Con un enfoque en la emprenedur\u00eda social, buscamos cambiar la perspectiva, invitar a la gente a abrazar el placer de vivir en armon\u00eda con el medio ambiente y con ellos mismos, mientras celebramos la vida con respeto por los ritmos naturales.<\/p>\n<p>[\/et_pb_text][\/et_pb_column][\/et_pb_row][\/et_pb_section][et_pb_section fb_built=\u00bb1&#8243; _builder_version=\u00bb4.25.1&#8243; _module_preset=\u00bbdefault\u00bb global_colors_info=\u00bb{}\u00bb][et_pb_row column_structure=\u00bb1_2,1_2&#8243; use_custom_gutter=\u00bbon\u00bb gutter_width=\u00bb2&#8243; _builder_version=\u00bb4.25.1&#8243; _module_preset=\u00bbdefault\u00bb global_colors_info=\u00bb{}\u00bb][et_pb_column type=\u00bb1_2&#8243; _builder_version=\u00bb4.25.1&#8243; _module_preset=\u00bbdefault\u00bb global_colors_info=\u00bb{}\u00bb][et_pb_cta title=\u00bbConecta con la natura en el Hortet del Bruc\u00bb button_url=\u00bbhttps:\/\/www.somalzines.com\/es\/servicio-hortet-del-bruc\/\u00bb button_text=\u00bbM\u00e1s informaci\u00f3n\u00bb _builder_version=\u00bb4.25.1&#8243; _module_preset=\u00bbff0ea349-2c8d-4ebc-9f00-f658ecbca66c\u00bb animation_style=\u00bbfade\u00bb animation_delay=\u00bb200ms\u00bb global_colors_info=\u00bb{}\u00bb]<\/p>\n<p>Cultivamos nuestros campos con pr\u00e1cticas de agricultura ecol\u00f3gica, ofreciendo variedad de productos frescos como verduras y almendras, as\u00ed como productos de otros agricultores locales.<\/p>\n<p>[\/et_pb_cta][\/et_pb_column][et_pb_column type=\u00bb1_2&#8243; _builder_version=\u00bb4.25.1&#8243; _module_preset=\u00bbdefault\u00bb global_colors_info=\u00bb{}\u00bb][et_pb_cta title=\u00bbConecta con t\u00fa mismo en el espacio de acompa\u00f1amiento terap\u00e9utico\u00bb button_url=\u00bbhttps:\/\/www.somalzines.com\/es\/servicio-espacio-acompanamiento-terapeutico\/\u00bb button_text=\u00bbM\u00e1s informaci\u00f3n\u00bb _builder_version=\u00bb4.25.1&#8243; _module_preset=\u00bbff0ea349-2c8d-4ebc-9f00-f658ecbca66c\u00bb background_image=\u00bbhttps:\/\/www.somalzines.com\/wp-content\/uploads\/2024\/05\/espai-acompanyament-terapeutic-somalzina.jpg\u00bb animation_style=\u00bbfade\u00bb animation_delay=\u00bb400ms\u00bb global_colors_info=\u00bb{}\u00bb]<\/p>\n<p>Acompa\u00f1amos en el camino hacia la libertad emocional y el bienestar interior, ayudando a liberar las tensiones que limitan nuestra capacidad de vivir plenamente.<\/p>\n<p>[\/et_pb_cta][\/et_pb_column][\/et_pb_row][et_pb_row column_structure=\u00bb1_2,1_2&#8243; use_custom_gutter=\u00bbon\u00bb gutter_width=\u00bb2&#8243; _builder_version=\u00bb4.25.1&#8243; _module_preset=\u00bbdefault\u00bb custom_padding=\u00bb0px|||||\u00bb global_colors_info=\u00bb{}\u00bb][et_pb_column type=\u00bb1_2&#8243; _builder_version=\u00bb4.25.1&#8243; _module_preset=\u00bbdefault\u00bb global_colors_info=\u00bb{}\u00bb][et_pb_cta title=\u00bbComparte momentos especiales con actividades y talleres\u00bb button_url=\u00bbhttps:\/\/www.somalzines.com\/es\/servicio-experiencias-y-actividades\/\u00bb button_text=\u00bbM\u00e1s informaci\u00f3n\u00bb _builder_version=\u00bb4.25.1&#8243; _module_preset=\u00bbff0ea349-2c8d-4ebc-9f00-f658ecbca66c\u00bb background_image=\u00bbhttps:\/\/www.somalzines.com\/wp-content\/uploads\/2024\/05\/activitats-tallers-somalzina.jpg\u00bb animation_style=\u00bbfade\u00bb animation_delay=\u00bb600ms\u00bb global_colors_info=\u00bb{}\u00bb]<\/p>\n<p>Desarrollamos actividades para grupos escolares, empresas, familias y amigos, ofreciendo oportunidades de aprendizaje y diversi\u00f3n compartida.<\/p>\n<p>[\/et_pb_cta][\/et_pb_column][et_pb_column type=\u00bb1_2&#8243; _builder_version=\u00bb4.25.1&#8243; _module_preset=\u00bbdefault\u00bb global_colors_info=\u00bb{}\u00bb][et_pb_cta title=\u00bbCelebra la vida con nosotros, alquiler de espacios polivalentes\u00bb button_url=\u00bbhttps:\/\/www.somalzines.com\/es\/servicio-espacio-polivalente\/\u00bb button_text=\u00bbM\u00e1s informaci\u00f3n\u00bb _builder_version=\u00bb4.25.1&#8243; _module_preset=\u00bbff0ea349-2c8d-4ebc-9f00-f658ecbca66c\u00bb background_image=\u00bbhttps:\/\/www.somalzines.com\/wp-content\/uploads\/2024\/05\/lloguer-espais-polivalents-somalzina.jpg\u00bb animation_style=\u00bbfade\u00bb animation_delay=\u00bb1000ms\u00bb global_colors_info=\u00bb{}\u00bb]<\/p>\n<p>Ponemos a disposici\u00f3n nuestros espacios para reuniones familiares, celebraciones y cumplea\u00f1os, permiti\u00e9ndoos disfrutar de un lugar exclusivo donde celebrar momentos especiales.<\/p>\n<p>[\/et_pb_cta][\/et_pb_column][\/et_pb_row][\/et_pb_section][et_pb_section fb_built=\u00bb1&#8243; _builder_version=\u00bb4.25.1&#8243; _module_preset=\u00bbdefault\u00bb background_image=\u00bbhttps:\/\/www.somalzines.com\/wp-content\/uploads\/2024\/05\/somalzines-fulla-1.jpg\u00bb global_colors_info=\u00bb{}\u00bb][et_pb_row _builder_version=\u00bb4.25.1&#8243; _module_preset=\u00bbdefault\u00bb global_colors_info=\u00bb{}\u00bb][et_pb_column type=\u00bb4_4&#8243; _builder_version=\u00bb4.25.1&#8243; _module_preset=\u00bbdefault\u00bb global_colors_info=\u00bb{}\u00bb][et_pb_cta title=\u00bb\u00bfPor qu\u00e9 elegir Somalzines?\u00bb button_text=\u00bbClick Here\u00bb _builder_version=\u00bb4.25.1&#8243; _module_preset=\u00bbdefault\u00bb header_font_size=\u00bb32px\u00bb animation_style=\u00bbfade\u00bb animation_delay=\u00bb250ms\u00bb global_colors_info=\u00bb{}\u00bb]<\/p>\n<p>Con m\u00e1s de 10 a\u00f1os de compromiso con la cura de las personas y el medio ambiente, Somalzines es un espacio rehabilitado bajo una filosof\u00eda de vida sostenible, artesanal y aut\u00f3noma. Elegir Somalzines significa unirse a un cambio de mirada hacia un mundo m\u00e1s respetuoso y equilibrado.<\/p>\n<p>[\/et_pb_cta][\/et_pb_column][\/et_pb_row][\/et_pb_section][et_pb_section fb_built=\u00bb1&#8243; _builder_version=\u00bb4.25.1&#8243; _module_preset=\u00bbdefault\u00bb background_image=\u00bbhttps:\/\/www.somalzines.com\/wp-content\/uploads\/2024\/05\/arbre-somalzines.jpg\u00bb global_colors_info=\u00bb{}\u00bb][et_pb_row _builder_version=\u00bb4.25.1&#8243; _module_preset=\u00bbdefault\u00bb custom_padding=\u00bb100px||100px||true|false\u00bb global_colors_info=\u00bb{}\u00bb][et_pb_column type=\u00bb4_4&#8243; _builder_version=\u00bb4.25.1&#8243; _module_preset=\u00bbdefault\u00bb global_colors_info=\u00bb{}\u00bb][et_pb_cta title=\u00bbGracias a todos los que hab\u00e9is confiado en nosotros durante estos a\u00f1os\u00bb _builder_version=\u00bb4.25.1&#8243; _module_preset=\u00bb6254398e-2d2c-4130-bfe8-cd4f4b187c1c\u00bb header_font_size=\u00bb24px\u00bb animation_style=\u00bbfade\u00bb animation_delay=\u00bb500ms\u00bb global_colors_info=\u00bb{}\u00bb]<\/p>\n<p>S\u00famate a nuestro proyecto y contribuye a esta transformaci\u00f3n.<\/p>\n<p>[\/et_pb_cta][\/et_pb_column][\/et_pb_row][\/et_pb_section]<\/p>\n","protected":false},"excerpt":{"rendered":"<p>SOMALZINES Conecta con la natura y la vidaSomalzines es m\u00e1s que un sitio, es aquel espacio de transformaci\u00f3n y conexi\u00f3n con la natura y con uno mismo. Con un enfoque en la emprenedur\u00eda social, buscamos cambiar la perspectiva, invitar a la gente a abrazar el placer de vivir en armon\u00eda con el medio ambiente y [&hellip;]<\/p>\n","protected":false},"author":1,"featured_media":0,"parent":0,"menu_order":0,"comment_status":"closed","ping_status":"closed","template":"","meta":{"_et_pb_use_builder":"on","_et_pb_old_content":"","_et_gb_content_width":"","footnotes":""},"class_list":["post-447","page","type-page","status-publish","hentry"],"_links":{"self":[{"href":"https:\/\/www.somalzines.com\/es\/wp-json\/wp\/v2\/pages\/447","targetHints":{"allow":["GET"]}}],"collection":[{"href":"https:\/\/www.somalzines.com\/es\/wp-json\/wp\/v2\/pages"}],"about":[{"href":"https:\/\/www.somalzines.com\/es\/wp-json\/wp\/v2\/types\/page"}],"author":[{"embeddable":true,"href":"https:\/\/www.somalzines.com\/es\/wp-json\/wp\/v2\/users\/1"}],"replies":[{"embeddable":true,"href":"https:\/\/www.somalzines.com\/es\/wp-json\/wp\/v2\/comments?post=447"}],"version-history":[{"count":15,"href":"https:\/\/www.somalzines.com\/es\/wp-json\/wp\/v2\/pages\/447\/revisions"}],"predecessor-version":[{"id":1499,"href":"https:\/\/www.somalzines.com\/es\/wp-json\/wp\/v2\/pages\/447\/revisions\/1499"}],"wp:attachment":[{"href":"https:\/\/www.somalzines.com\/es\/wp-json\/wp\/v2\/media?parent=447"}],"curies":[{"name":"wp","href":"https:\/\/api.w.org\/{rel}","templated":true}]}}